{"id":662,"date":"2024-07-05T21:10:40","date_gmt":"2024-07-05T19:10:40","guid":{"rendered":"https:\/\/lesvoyagesdapogee.fr\/privacy-policy\/"},"modified":"2025-10-28T16:32:12","modified_gmt":"2025-10-28T15:32:12","slug":"privacy-policy","status":"publish","type":"page","link":"https:\/\/lesvoyagesdapogee.fr\/en\/privacy-policy\/","title":{"rendered":"Privacy policy"},"content":{"rendered":"<p>[et_pb_section fb_built=&#8221;1&#8243; custom_padding_last_edited=&#8221;on|phone&#8221; _builder_version=&#8221;4.25.1&#8243; _module_preset=&#8221;default&#8221; background_color=&#8221;#F3EEE7&#8243; custom_padding=&#8221;19px||17px|||&#8221; custom_padding_tablet=&#8221;19px||17px|||&#8221; custom_padding_phone=&#8221;0px||0px||false|false&#8221; global_colors_info=&#8221;{}&#8221;][et_pb_row _builder_version=&#8221;4.25.2&#8243; _module_preset=&#8221;default&#8221; custom_padding=&#8221;||6px|||&#8221; global_colors_info=&#8221;{}&#8221;][et_pb_column type=&#8221;4_4&#8243; _builder_version=&#8221;4.25.2&#8243; _module_preset=&#8221;default&#8221; global_colors_info=&#8221;{}&#8221;][et_pb_heading title=&#8221;Privacy policy&#8221; _builder_version=&#8221;4.25.2&#8243; _module_preset=&#8221;c33f07d9-41e0-421a-8799-5799df695cce&#8221; title_level=&#8221;h2&#8243; title_font=&#8221;&#8211;et_global_heading_font|Cormorant Garamond_weight|||||||&#8221; title_text_align=&#8221;center&#8221; title_text_color=&#8221;#0e0c19&#8243; title_font_size=&#8221;45px&#8221; title_line_height=&#8221;1.2em&#8221; custom_margin=&#8221;||10px||false|false&#8221; title_font_size_tablet=&#8221;28px&#8221; title_font_size_phone=&#8221;20px&#8221; title_font_size_last_edited=&#8221;on|phone&#8221; locked=&#8221;off&#8221; global_colors_info=&#8221;{%22#0e0c19%22:%91%22title_text_color%22,%22title_text_color%22%93}&#8221;][\/et_pb_heading][\/et_pb_column][\/et_pb_row][et_pb_row _builder_version=&#8221;4.25.1&#8243; _module_preset=&#8221;default&#8221; custom_padding=&#8221;16px|||||&#8221; global_colors_info=&#8221;{}&#8221;][et_pb_column type=&#8221;4_4&#8243; _builder_version=&#8221;4.25.1&#8243; _module_preset=&#8221;default&#8221; global_colors_info=&#8221;{}&#8221;][et_pb_text _builder_version=&#8221;4.25.2&#8243; _module_preset=&#8221;default&#8221; text_font=&#8221;Lilgrotesk-regular||||||||&#8221; text_orientation=&#8221;center&#8221; global_colors_info=&#8221;{}&#8221;]<\/p>\n<p style=\"text-align: left;\">The privacy of https:\/\/lesvoyagesdapogee.fr\/ users is very important to us and we are committed to complying with the terms of the General Data Protection Regulation (GDPR). This page details and explains how personal data is managed.<\/p>\n<p style=\"text-align: left;\"><strong>Who are we?<\/strong><\/p>\n<p style=\"text-align: left;\">Our website address is <a href=\"https:\/\/lesvoyagesdapogee.fr\/en\/\">https:\/\/lesvoyagesdapogee.fr\/<\/a><\/p>\n<p style=\"text-align: left;\">Data controller: Magali Bruno<\/p>\n<p style=\"text-align: left;\">Type of data collected: e-mail address, message, telephone number.<\/p>\n<p style=\"text-align: left;\">Dur\u00e9e de conservation des donn\u00e9es : 1 an.<\/p>\n<p style=\"text-align: left;\">Visitors have the right to request access to, rectification or deletion of their personal data, by sending a letter stating their wish to access, rectify or delete such data to: apogee.voyages@gmail.com<\/p>\n<p style=\"text-align: left;\">Use of personal data collected<\/p>\n<p style=\"text-align: left;\"><strong>Cookies.<\/strong><br \/>Ce site d\u00e9pose des cookies techniques standard.<br \/>Les cookies sont g\u00e9r\u00e9s par votre navigateur (Internet Explorer, Mozilla Firefox, Safari, Google Chrome\u2026).<br \/>Vous pouvez bloquer ces cookies en param\u00e9trant votre navigateur (activer la navigation priv\u00e9e, restreindre ou interdire les cookies).<br \/>If you wish to delete cookies already present on your terminal, simply delete the browsing history from your browser settings.<\/p>\n<p style=\"text-align: left;\">For more information on how to manage cookies, please visit the websites of the browser manufacturers:<br \/>&#8211; Microsoft Internet Explorer<br \/>&#8211; Mozilla Firefox<br \/>&#8211; Apple Safari<br \/>\u2022 Google Chrome.<\/p>\n<p style=\"text-align: left;\">The use of cookies is governed by article 32 II of law no. 78-17 of January 6, 1978, transposing article 5.3 of directive 2002\/58\/EC of the European Parliament and of the Council of July 12, 2002, amended by directive 2009\/136\/EC. To find out more about cookies, please visit the CNIL website.<\/p>\n<p style=\"text-align: left;\"><strong>Statistics and audience measurement.<\/strong><\/p>\n<p style=\"text-align: left;\">Ce site utilise Google Analytics pour mesurer l\u2019audience. Consult the Google Analytics privacy policy.<\/p>\n<p style=\"text-align: left;\">Utilisation et transmission de vos donn\u00e9es personnelles<\/p>\n<p style=\"text-align: left;\">Personal data is collected on the contact form in order to respond to your request. They are not used for any other purpose.<\/p>\n<p style=\"text-align: left;\">Data storage periods.<br \/>Anonymous statistical data is stored indefinitely. Other technical data is stored for 3 months.<\/p>\n<p style=\"text-align: left;\">The rights you have over your data.<br \/>You can request the deletion of your personal data. Cela ne prend pas en compte les donn\u00e9es stock\u00e9es \u00e0 des fins administratives, l\u00e9gales ou pour des raisons de s\u00e9curit\u00e9.<\/p>\n<p style=\"text-align: left;\"><strong>Transmission de vos donn\u00e9es personnelles.<\/strong><\/p>\n<p style=\"text-align: left;\">Les donn\u00e9es recueillies sur le site <a href=\"https:\/\/lesvoyagesdapogee.fr\/en\/\">https:\/\/lesvoyagesdapogee.fr\/<\/a> par exemple les coordonn\u00e9es de contact, ne seront en aucun cas c\u00e9d\u00e9es ou vendues \u00e0 des tiers. Aucune adresse e-mail ne sera transmise \u00e0 des tiers y compris \u00e0 nos partenaires sauf apr\u00e8s accord \u00e9crit des int\u00e9ress\u00e9s.<\/p>\n<p style=\"text-align: left;\"><strong>Further information<\/strong><\/p>\n<p style=\"text-align: left;\">Comment nous prot\u00e9geons vos donn\u00e9es. Communications with the https:\/\/www.lesvoyagesdapogee.fr\/ website are carried out via an SSL certificate, which ensures data encryption. Nous nous assurons que nos applications sont \u00e0 jour et prot\u00e9g\u00e9es des attaques.<\/p>\n<p style=\"text-align: left;\">Proc\u00e9dures mises en \u0153uvre en cas de fuite de donn\u00e9es. Dans l\u2019hypoth\u00e8se d\u2019une fuite de donn\u00e9es, la mise en quarantaine du site sera imm\u00e9diate. Les notifications des syst\u00e8mes de s\u00e9curit\u00e9 nous informent si une br\u00e8che de s\u00e9curit\u00e9 est ouverte.<\/p>\n<p style=\"text-align: left;\">\n<p>[\/et_pb_text][\/et_pb_column][\/et_pb_row][\/et_pb_section]<\/p>\n","protected":false},"excerpt":{"rendered":"<p>The privacy of https:\/\/lesvoyagesdapogee.fr\/ users is very important to us and we are committed to complying with the terms of the General Data Protection Regulation (GDPR). This page details and explains how personal data is managed. Who are we? Our website address is https:\/\/lesvoyagesdapogee.fr\/ Data controller: Magali Bruno Type of data collected: e-mail address, message, [&hellip;]<\/p>\n","protected":false},"author":1,"featured_media":0,"parent":0,"menu_order":0,"comment_status":"closed","ping_status":"closed","template":"","meta":{"_et_pb_use_builder":"on","_et_pb_old_content":"","_et_gb_content_width":"","_monsterinsights_skip_tracking":false,"_monsterinsights_sitenote_active":false,"_monsterinsights_sitenote_note":"","_monsterinsights_sitenote_category":0,"footnotes":""},"class_list":["post-662","page","type-page","status-publish","hentry"],"yoast_head":"<!-- This site is optimized with the Yoast SEO plugin v27.4 - https:\/\/yoast.com\/product\/yoast-seo-wordpress\/ -->\n<title>Privacy policy - Les Voyages d&#039;Apog\u00e9e<\/title>\n<meta name=\"robots\" content=\"index, follow, max-snippet:-1, max-image-preview:large, max-video-preview:-1\" \/>\n<link rel=\"canonical\" href=\"https:\/\/lesvoyagesdapogee.fr\/en\/privacy-policy\/\" \/>\n<meta property=\"og:locale\" content=\"en_US\" \/>\n<meta property=\"og:type\" content=\"article\" \/>\n<meta property=\"og:title\" content=\"Privacy policy - Les Voyages d&#039;Apog\u00e9e\" \/>\n<meta property=\"og:description\" content=\"The privacy of https:\/\/lesvoyagesdapogee.fr\/ users is very important to us and we are committed to complying with the terms of the General Data Protection Regulation (GDPR). This page details and explains how personal data is managed. Who are we? Our website address is https:\/\/lesvoyagesdapogee.fr\/ Data controller: Magali Bruno Type of data collected: e-mail address, message, [&hellip;]\" \/>\n<meta property=\"og:url\" content=\"https:\/\/lesvoyagesdapogee.fr\/en\/privacy-policy\/\" \/>\n<meta property=\"og:site_name\" content=\"Les Voyages d&#039;Apog\u00e9e\" \/>\n<meta property=\"article:modified_time\" content=\"2025-10-28T15:32:12+00:00\" \/>\n<meta name=\"twitter:card\" content=\"summary_large_image\" \/>\n<meta name=\"twitter:label1\" content=\"Est. reading time\" \/>\n\t<meta name=\"twitter:data1\" content=\"4 minutes\" \/>\n<script type=\"application\/ld+json\" class=\"yoast-schema-graph\">{\"@context\":\"https:\\\/\\\/schema.org\",\"@graph\":[{\"@type\":\"WebPage\",\"@id\":\"https:\\\/\\\/lesvoyagesdapogee.fr\\\/en\\\/privacy-policy\\\/\",\"url\":\"https:\\\/\\\/lesvoyagesdapogee.fr\\\/en\\\/privacy-policy\\\/\",\"name\":\"Privacy policy - Les Voyages d&#039;Apog\u00e9e\",\"isPartOf\":{\"@id\":\"https:\\\/\\\/lesvoyagesdapogee.fr\\\/en\\\/#website\"},\"datePublished\":\"2024-07-05T19:10:40+00:00\",\"dateModified\":\"2025-10-28T15:32:12+00:00\",\"breadcrumb\":{\"@id\":\"https:\\\/\\\/lesvoyagesdapogee.fr\\\/en\\\/privacy-policy\\\/#breadcrumb\"},\"inLanguage\":\"en-US\",\"potentialAction\":[{\"@type\":\"ReadAction\",\"target\":[\"https:\\\/\\\/lesvoyagesdapogee.fr\\\/en\\\/privacy-policy\\\/\"]}]},{\"@type\":\"BreadcrumbList\",\"@id\":\"https:\\\/\\\/lesvoyagesdapogee.fr\\\/en\\\/privacy-policy\\\/#breadcrumb\",\"itemListElement\":[{\"@type\":\"ListItem\",\"position\":1,\"name\":\"Accueil\",\"item\":\"https:\\\/\\\/lesvoyagesdapogee.fr\\\/en\\\/\"},{\"@type\":\"ListItem\",\"position\":2,\"name\":\"Privacy policy\"}]},{\"@type\":\"WebSite\",\"@id\":\"https:\\\/\\\/lesvoyagesdapogee.fr\\\/en\\\/#website\",\"url\":\"https:\\\/\\\/lesvoyagesdapogee.fr\\\/en\\\/\",\"name\":\"Les Voyages d&#039;Apog\u00e9e\",\"description\":\"Des voyages sur-mesure\",\"potentialAction\":[{\"@type\":\"SearchAction\",\"target\":{\"@type\":\"EntryPoint\",\"urlTemplate\":\"https:\\\/\\\/lesvoyagesdapogee.fr\\\/en\\\/?s={search_term_string}\"},\"query-input\":{\"@type\":\"PropertyValueSpecification\",\"valueRequired\":true,\"valueName\":\"search_term_string\"}}],\"inLanguage\":\"en-US\"}]}<\/script>\n<!-- \/ Yoast SEO plugin. -->","yoast_head_json":{"title":"Privacy policy - Les Voyages d&#039;Apog\u00e9e","robots":{"index":"index","follow":"follow","max-snippet":"max-snippet:-1","max-image-preview":"max-image-preview:large","max-video-preview":"max-video-preview:-1"},"canonical":"https:\/\/lesvoyagesdapogee.fr\/en\/privacy-policy\/","og_locale":"en_US","og_type":"article","og_title":"Privacy policy - Les Voyages d&#039;Apog\u00e9e","og_description":"The privacy of https:\/\/lesvoyagesdapogee.fr\/ users is very important to us and we are committed to complying with the terms of the General Data Protection Regulation (GDPR). This page details and explains how personal data is managed. Who are we? Our website address is https:\/\/lesvoyagesdapogee.fr\/ Data controller: Magali Bruno Type of data collected: e-mail address, message, [&hellip;]","og_url":"https:\/\/lesvoyagesdapogee.fr\/en\/privacy-policy\/","og_site_name":"Les Voyages d&#039;Apog\u00e9e","article_modified_time":"2025-10-28T15:32:12+00:00","twitter_card":"summary_large_image","twitter_misc":{"Est. reading time":"4 minutes"},"schema":{"@context":"https:\/\/schema.org","@graph":[{"@type":"WebPage","@id":"https:\/\/lesvoyagesdapogee.fr\/en\/privacy-policy\/","url":"https:\/\/lesvoyagesdapogee.fr\/en\/privacy-policy\/","name":"Privacy policy - Les Voyages d&#039;Apog\u00e9e","isPartOf":{"@id":"https:\/\/lesvoyagesdapogee.fr\/en\/#website"},"datePublished":"2024-07-05T19:10:40+00:00","dateModified":"2025-10-28T15:32:12+00:00","breadcrumb":{"@id":"https:\/\/lesvoyagesdapogee.fr\/en\/privacy-policy\/#breadcrumb"},"inLanguage":"en-US","potentialAction":[{"@type":"ReadAction","target":["https:\/\/lesvoyagesdapogee.fr\/en\/privacy-policy\/"]}]},{"@type":"BreadcrumbList","@id":"https:\/\/lesvoyagesdapogee.fr\/en\/privacy-policy\/#breadcrumb","itemListElement":[{"@type":"ListItem","position":1,"name":"Accueil","item":"https:\/\/lesvoyagesdapogee.fr\/en\/"},{"@type":"ListItem","position":2,"name":"Privacy policy"}]},{"@type":"WebSite","@id":"https:\/\/lesvoyagesdapogee.fr\/en\/#website","url":"https:\/\/lesvoyagesdapogee.fr\/en\/","name":"Les Voyages d&#039;Apog\u00e9e","description":"Des voyages sur-mesure","potentialAction":[{"@type":"SearchAction","target":{"@type":"EntryPoint","urlTemplate":"https:\/\/lesvoyagesdapogee.fr\/en\/?s={search_term_string}"},"query-input":{"@type":"PropertyValueSpecification","valueRequired":true,"valueName":"search_term_string"}}],"inLanguage":"en-US"}]}},"_links":{"self":[{"href":"https:\/\/lesvoyagesdapogee.fr\/en\/wp-json\/wp\/v2\/pages\/662","targetHints":{"allow":["GET"]}}],"collection":[{"href":"https:\/\/lesvoyagesdapogee.fr\/en\/wp-json\/wp\/v2\/pages"}],"about":[{"href":"https:\/\/lesvoyagesdapogee.fr\/en\/wp-json\/wp\/v2\/types\/page"}],"author":[{"embeddable":true,"href":"https:\/\/lesvoyagesdapogee.fr\/en\/wp-json\/wp\/v2\/users\/1"}],"replies":[{"embeddable":true,"href":"https:\/\/lesvoyagesdapogee.fr\/en\/wp-json\/wp\/v2\/comments?post=662"}],"version-history":[{"count":5,"href":"https:\/\/lesvoyagesdapogee.fr\/en\/wp-json\/wp\/v2\/pages\/662\/revisions"}],"predecessor-version":[{"id":1992,"href":"https:\/\/lesvoyagesdapogee.fr\/en\/wp-json\/wp\/v2\/pages\/662\/revisions\/1992"}],"wp:attachment":[{"href":"https:\/\/lesvoyagesdapogee.fr\/en\/wp-json\/wp\/v2\/media?parent=662"}],"curies":[{"name":"wp","href":"https:\/\/api.w.org\/{rel}","templated":true}]}}